{"id":402,"date":"2022-07-26T20:31:07","date_gmt":"2022-07-26T20:31:07","guid":{"rendered":"https:\/\/mathsjbrel.fr\/?page_id=402"},"modified":"2024-08-29T15:50:03","modified_gmt":"2024-08-29T15:50:03","slug":"mathsexpertes","status":"publish","type":"page","link":"https:\/\/mathsjbrel.fr\/?page_id=402","title":{"rendered":"MathsExpertes"},"content":{"rendered":"\n<p class=\"has-text-align-left\">\u2190 <a href=\"https:\/\/mathsjbrel.fr\/\" title=\"Accueil\">Accueil<\/a><\/p>\n\n\n\n<div class=\"wp-block-group alignfull has-ast-global-color-5-background-color has-background is-layout-constrained wp-block-group-is-layout-constrained\"><div class=\"wp-block-group__inner-container\">\n<div class=\"wp-block-columns alignwide is-layout-flex wp-container-core-columns-is-layout-28f84493 wp-block-columns-is-layout-flex\">\n<div class=\"wp-block-column is-vertically-aligned-top is-layout-flow wp-block-column-is-layout-flow\" style=\"flex-basis:35%\">\n<figure class=\"wp-block-image aligncenter size-large is-resized has-custom-border is-style-rounded\"><img decoding=\"async\" src=\"https:\/\/upload.wikimedia.org\/wikipedia\/commons\/2\/2f\/Erdos_budapest_fall_1992_%28cropped%29.jpg\" alt=\"\" style=\"border-radius:100px;width:201px;height:245px\"\/><figcaption class=\"wp-element-caption\">Paul Erd\u0151s<br>1913-1996<\/figcaption><\/figure>\n<\/div>\n\n\n\n<div class=\"wp-block-column is-layout-flow wp-block-column-is-layout-flow\" style=\"flex-basis:65%\">\n<p class=\"has-text-align-center has-ast-global-color-3-color has-text-color\"><strong>Probl\u00e8mes<\/strong><\/p>\n\n\n\n<div class=\"wp-block-buttons is-vertical is-content-justification-center is-nowrap is-layout-flex wp-container-core-buttons-is-layout-40a92a1b wp-block-buttons-is-layout-flex\">\n<div class=\"wp-block-button has-custom-width wp-block-button__width-50 is-style-outline is-style-outline--1\"><a class=\"wp-block-button__link wp-element-button\" href=\"https:\/\/mathsjbrel.fr\/wp-content\/uploads\/2024\/08\/Probleme-ln2-est-irrationnel.pdf\" style=\"border-radius:0px\">ln(2) est irrationnel<\/a><\/div>\n<\/div>\n\n\n\n<div class=\"wp-block-buttons is-layout-flex wp-block-buttons-is-layout-flex\"><\/div>\n\n\n\n<p class=\"has-ast-global-color-3-color has-text-color\"><br><\/p>\n<\/div>\n<\/div>\n<\/div><\/div>\n\n\n\n<div class=\"wp-block-group alignfull has-ast-global-color-5-background-color has-background is-layout-constrained wp-block-group-is-layout-constrained\"><div class=\"wp-block-group__inner-container\">\n<div class=\"wp-block-columns alignwide is-layout-flex wp-container-core-columns-is-layout-28f84493 wp-block-columns-is-layout-flex\">\n<div class=\"wp-block-column is-vertically-aligned-top is-layout-flow wp-block-column-is-layout-flow\" style=\"flex-basis:35%\">\n<figure class=\"wp-block-image aligncenter size-full is-resized has-custom-border is-style-rounded\"><img loading=\"lazy\" decoding=\"async\" width=\"268\" height=\"326\" src=\"https:\/\/mathsjbrel.fr\/wp-content\/uploads\/2022\/07\/Cardano.jpg\" alt=\"\" class=\"wp-image-403\" style=\"border-radius:100px;width:201px;height:245px\" srcset=\"https:\/\/mathsjbrel.fr\/wp-content\/uploads\/2022\/07\/Cardano.jpg 268w, https:\/\/mathsjbrel.fr\/wp-content\/uploads\/2022\/07\/Cardano-247x300.jpg 247w\" sizes=\"auto, (max-width: 268px) 100vw, 268px\" \/><figcaption class=\"wp-element-caption\">Girolamo Cardano 1501-1576<\/figcaption><\/figure>\n<\/div>\n\n\n\n<div class=\"wp-block-column is-layout-flow wp-block-column-is-layout-flow\" style=\"flex-basis:65%\">\n<p class=\"has-text-align-center has-ast-global-color-3-color has-text-color\"><strong>Chapitre 1 <\/strong>&#8211; D\u00e9couverte des nombres complexes<\/p>\n\n\n\n<div class=\"wp-block-buttons is-vertical is-content-justification-center is-nowrap is-layout-flex wp-container-core-buttons-is-layout-40a92a1b wp-block-buttons-is-layout-flex\">\n<div class=\"wp-block-button has-custom-width wp-block-button__width-50 is-style-outline is-style-outline--2\"><a class=\"wp-block-button__link wp-element-button\" href=\"https:\/\/mathsjbrel.fr\/wp-content\/uploads\/2024\/08\/Chapitre-1-Decouverte-des-nombres-complexes.pdf\" style=\"border-radius:0px\">Cours<\/a><\/div>\n\n\n\n<div class=\"wp-block-button has-custom-width wp-block-button__width-50 is-style-outline is-style-outline--3\"><a class=\"wp-block-button__link wp-element-button\" href=\"https:\/\/mathsjbrel.fr\/wp-content\/uploads\/2024\/08\/Exercices-Nombres-complexes-1.pdf\" style=\"border-radius:0px\">Exercices<\/a><\/div>\n<\/div>\n\n\n\n<div class=\"wp-block-buttons is-layout-flex wp-block-buttons-is-layout-flex\"><\/div>\n\n\n\n<p class=\"has-ast-global-color-3-color has-text-color\"><br><\/p>\n<\/div>\n<\/div>\n<\/div><\/div>\n\n\n\n<div class=\"wp-block-group alignfull has-ast-global-color-5-background-color has-background is-layout-constrained wp-block-group-is-layout-constrained\"><div class=\"wp-block-group__inner-container\">\n<div class=\"wp-block-columns alignwide is-layout-flex wp-container-core-columns-is-layout-28f84493 wp-block-columns-is-layout-flex\">\n<div class=\"wp-block-column is-vertically-aligned-top is-layout-flow wp-block-column-is-layout-flow\" style=\"flex-basis:35%\">\n<figure class=\"wp-block-image aligncenter size-large is-resized has-custom-border is-style-rounded\"><img loading=\"lazy\" decoding=\"async\" width=\"796\" height=\"1024\" src=\"https:\/\/mathsjbrel.fr\/wp-content\/uploads\/2022\/10\/gauss-796x1024.jpg\" alt=\"\" class=\"wp-image-532\" style=\"border-radius:100px;width:199px;height:256px\" srcset=\"https:\/\/mathsjbrel.fr\/wp-content\/uploads\/2022\/10\/gauss-796x1024.jpg 796w, https:\/\/mathsjbrel.fr\/wp-content\/uploads\/2022\/10\/gauss-233x300.jpg 233w, https:\/\/mathsjbrel.fr\/wp-content\/uploads\/2022\/10\/gauss-768x988.jpg 768w, https:\/\/mathsjbrel.fr\/wp-content\/uploads\/2022\/10\/gauss.jpg 800w\" sizes=\"auto, (max-width: 796px) 100vw, 796px\" \/><figcaption class=\"wp-element-caption\">Carl Friedrich Gauss 1777-1855<\/figcaption><\/figure>\n<\/div>\n\n\n\n<div class=\"wp-block-column is-layout-flow wp-block-column-is-layout-flow\" style=\"flex-basis:65%\">\n<p class=\"has-text-align-center has-ast-global-color-3-color has-text-color\"><strong>Chapitre 2 <\/strong>&#8211; Congruences dans \u2124<\/p>\n\n\n\n<div class=\"wp-block-buttons is-vertical is-content-justification-center is-nowrap is-layout-flex wp-container-core-buttons-is-layout-40a92a1b wp-block-buttons-is-layout-flex\">\n<div class=\"wp-block-button has-custom-width wp-block-button__width-50 is-style-outline is-style-outline--4\"><a class=\"wp-block-button__link wp-element-button\" href=\"https:\/\/mathsjbrel.fr\/wp-content\/uploads\/2024\/08\/Chapitre-2-Congruences-dans-Z.pdf\" style=\"border-radius:0px\">Cours<\/a><\/div>\n\n\n\n<div class=\"wp-block-button has-custom-width wp-block-button__width-50 is-style-outline is-style-outline--5\"><a class=\"wp-block-button__link wp-element-button\" href=\"https:\/\/mathsjbrel.fr\/wp-content\/uploads\/2024\/08\/Exercices-Chapitre-2.pdf\" style=\"border-radius:0px\">Exercices<\/a><\/div>\n<\/div>\n\n\n\n<div class=\"wp-block-buttons is-layout-flex wp-block-buttons-is-layout-flex\"><\/div>\n\n\n\n<p class=\"has-ast-global-color-3-color has-text-color\"><br><\/p>\n<\/div>\n<\/div>\n<\/div><\/div>\n\n\n\n<div class=\"wp-block-group alignfull has-ast-global-color-5-background-color has-background is-layout-constrained wp-block-group-is-layout-constrained\"><div class=\"wp-block-group__inner-container\">\n<div class=\"wp-block-columns alignwide is-layout-flex wp-container-core-columns-is-layout-28f84493 wp-block-columns-is-layout-flex\">\n<div class=\"wp-block-column is-vertically-aligned-top is-layout-flow wp-block-column-is-layout-flow\" style=\"flex-basis:35%\">\n<figure class=\"wp-block-image aligncenter size-full is-resized has-custom-border is-style-rounded\"><img loading=\"lazy\" decoding=\"async\" width=\"390\" height=\"585\" src=\"https:\/\/mathsjbrel.fr\/wp-content\/uploads\/2022\/12\/Strassen_Knuth_Prize_lecture.jpg\" alt=\"\" class=\"wp-image-601\" style=\"border-radius:100px;width:195px;height:293px\" srcset=\"https:\/\/mathsjbrel.fr\/wp-content\/uploads\/2022\/12\/Strassen_Knuth_Prize_lecture.jpg 390w, https:\/\/mathsjbrel.fr\/wp-content\/uploads\/2022\/12\/Strassen_Knuth_Prize_lecture-200x300.jpg 200w\" sizes=\"auto, (max-width: 390px) 100vw, 390px\" \/><figcaption class=\"wp-element-caption\">Volker Strassen <br>1936 &#8211;<\/figcaption><\/figure>\n<\/div>\n\n\n\n<div class=\"wp-block-column is-layout-flow wp-block-column-is-layout-flow\" style=\"flex-basis:65%\">\n<p class=\"has-text-align-center has-ast-global-color-3-color has-text-color\"><strong>Chapitre 3 <\/strong>&#8211; Op\u00e9rations sur les matrices<\/p>\n\n\n\n<div class=\"wp-block-buttons is-vertical is-content-justification-center is-nowrap is-layout-flex wp-container-core-buttons-is-layout-40a92a1b wp-block-buttons-is-layout-flex\">\n<div class=\"wp-block-button has-custom-width wp-block-button__width-50 is-style-outline is-style-outline--6\"><a class=\"wp-block-button__link wp-element-button\" href=\"https:\/\/mathsjbrel.fr\/wp-content\/uploads\/2024\/08\/Chapitre-3-Operations-sur-les-matrices.pdf\" style=\"border-radius:0px\">Cours<\/a><\/div>\n\n\n\n<div class=\"wp-block-button has-custom-width wp-block-button__width-50 is-style-outline is-style-outline--7\"><a class=\"wp-block-button__link wp-element-button\" href=\"https:\/\/mathsjbrel.fr\/wp-content\/uploads\/2024\/08\/Exercices-Chapitre-3.pdf\" style=\"border-radius:0px\">Exercices<\/a><\/div>\n<\/div>\n\n\n\n<div class=\"wp-block-buttons is-layout-flex wp-block-buttons-is-layout-flex\"><\/div>\n\n\n\n<p class=\"has-ast-global-color-3-color has-text-color\"><br><\/p>\n<\/div>\n<\/div>\n<\/div><\/div>\n\n\n\n<div class=\"wp-block-group alignfull has-ast-global-color-5-background-color has-background is-layout-constrained wp-block-group-is-layout-constrained\"><div class=\"wp-block-group__inner-container\">\n<div class=\"wp-block-columns alignwide is-layout-flex wp-container-core-columns-is-layout-28f84493 wp-block-columns-is-layout-flex\">\n<div class=\"wp-block-column is-vertically-aligned-top is-layout-flow wp-block-column-is-layout-flow\" style=\"flex-basis:35%\">\n<figure class=\"wp-block-image aligncenter size-large is-resized has-custom-border is-style-rounded\"><img decoding=\"async\" src=\"https:\/\/upload.wikimedia.org\/wikipedia\/commons\/thumb\/1\/1b\/Abraham_de_moivre.jpg\/390px-Abraham_de_moivre.jpg\" alt=\"\" style=\"border-radius:100px;width:195px;height:249px\"\/><figcaption class=\"wp-element-caption\">Abraham de Moivre<br>1667 &#8211; 1754<\/figcaption><\/figure>\n<\/div>\n\n\n\n<div class=\"wp-block-column is-layout-flow wp-block-column-is-layout-flow\" style=\"flex-basis:65%\">\n<p class=\"has-text-align-center has-ast-global-color-3-color has-text-color\"><strong>Chapitre 4 <\/strong>&#8211; Forme trigonom\u00e9trique d&#8217;un complexe<\/p>\n\n\n\n<div class=\"wp-block-buttons is-vertical is-content-justification-center is-nowrap is-layout-flex wp-container-core-buttons-is-layout-40a92a1b wp-block-buttons-is-layout-flex\">\n<div class=\"wp-block-button has-custom-width wp-block-button__width-50 is-style-outline is-style-outline--8\"><a class=\"wp-block-button__link wp-element-button\" href=\"https:\/\/mathsjbrel.fr\/wp-content\/uploads\/2024\/08\/Chapitre-4-Forme-trigonometrique-dun-complexe.pdf\" style=\"border-radius:0px\">Cours<\/a><\/div>\n\n\n\n<div class=\"wp-block-button has-custom-width wp-block-button__width-50 is-style-outline is-style-outline--9\"><a class=\"wp-block-button__link wp-element-button\" href=\"https:\/\/mathsjbrel.fr\/wp-content\/uploads\/2024\/08\/Exercices-Forme-trigonometrique-dun-complexe.pdf\" style=\"border-radius:0px\">Exercices<\/a><\/div>\n<\/div>\n\n\n\n<div class=\"wp-block-buttons is-layout-flex wp-block-buttons-is-layout-flex\"><\/div>\n\n\n\n<p class=\"has-ast-global-color-3-color has-text-color\"><br><\/p>\n<\/div>\n<\/div>\n<\/div><\/div>\n\n\n\n<div class=\"wp-block-group alignfull has-ast-global-color-5-background-color has-background is-layout-constrained wp-block-group-is-layout-constrained\"><div class=\"wp-block-group__inner-container\">\n<div class=\"wp-block-columns alignwide is-layout-flex wp-container-core-columns-is-layout-28f84493 wp-block-columns-is-layout-flex\">\n<div class=\"wp-block-column is-vertically-aligned-top is-layout-flow wp-block-column-is-layout-flow\" style=\"flex-basis:35%\">\n<figure class=\"wp-block-image aligncenter size-large is-resized has-custom-border is-style-rounded\"><img decoding=\"async\" src=\"https:\/\/upload.wikimedia.org\/wikipedia\/commons\/c\/cc\/Leopold_Kronecker_1865.jpg\" alt=\"\" style=\"border-radius:100px;width:172px;height:225px\"\/><figcaption class=\"wp-element-caption\">Leopold Kronecker<br>1823 &#8211; 1891<\/figcaption><\/figure>\n<\/div>\n\n\n\n<div class=\"wp-block-column is-layout-flow wp-block-column-is-layout-flow\" style=\"flex-basis:65%\">\n<p class=\"has-text-align-center has-ast-global-color-3-color has-text-color\"><strong>Chapitre 5<\/strong> &#8211; PGCD et \u00e9quations diophantiennes<\/p>\n\n\n\n<div class=\"wp-block-buttons is-vertical is-content-justification-center is-nowrap is-layout-flex wp-container-core-buttons-is-layout-40a92a1b wp-block-buttons-is-layout-flex\">\n<div class=\"wp-block-button has-custom-width wp-block-button__width-50 is-style-outline is-style-outline--10\"><a class=\"wp-block-button__link wp-element-button\" href=\"https:\/\/mathsjbrel.fr\/wp-content\/uploads\/2024\/08\/Chapitre-5-PGCD.pdf\" style=\"border-radius:0px\">Cours<\/a><\/div>\n\n\n\n<div class=\"wp-block-button has-custom-width wp-block-button__width-50 is-style-outline is-style-outline--11\"><a class=\"wp-block-button__link wp-element-button\" href=\"https:\/\/mathsjbrel.fr\/wp-content\/uploads\/2024\/08\/Exercices-1.pdf\" style=\"border-radius:0px\">Exercices<\/a><\/div>\n<\/div>\n\n\n\n<div class=\"wp-block-buttons is-layout-flex wp-block-buttons-is-layout-flex\"><\/div>\n\n\n\n<p class=\"has-ast-global-color-3-color has-text-color\"><br><\/p>\n<\/div>\n<\/div>\n<\/div><\/div>\n\n\n\n<div class=\"wp-block-group alignfull has-ast-global-color-5-background-color has-background is-layout-constrained wp-block-group-is-layout-constrained\"><div class=\"wp-block-group__inner-container\">\n<div class=\"wp-block-columns alignwide is-layout-flex wp-container-core-columns-is-layout-28f84493 wp-block-columns-is-layout-flex\">\n<div class=\"wp-block-column is-vertically-aligned-top is-layout-flow wp-block-column-is-layout-flow\" style=\"flex-basis:35%\">\n<figure class=\"wp-block-image aligncenter size-large is-resized has-custom-border is-style-rounded\"><img decoding=\"async\" src=\"https:\/\/upload.wikimedia.org\/wikipedia\/commons\/thumb\/6\/60\/Leonhard_Euler_2.jpg\/330px-Leonhard_Euler_2.jpg\" alt=\"\" style=\"border-radius:100px;width:175px;height:225px\"\/><figcaption class=\"wp-element-caption\">Leonhard Euler,<br>1707 &#8211; 1783<\/figcaption><\/figure>\n<\/div>\n\n\n\n<div class=\"wp-block-column is-layout-flow wp-block-column-is-layout-flow\" style=\"flex-basis:65%\">\n<p class=\"has-text-align-center has-ast-global-color-3-color has-text-color\"><strong>Chapitre 6<\/strong> &#8211; Forme exponentielle d&#8217;un nombre complexe<\/p>\n\n\n\n<div class=\"wp-block-buttons is-vertical is-content-justification-center is-nowrap is-layout-flex wp-container-core-buttons-is-layout-40a92a1b wp-block-buttons-is-layout-flex\">\n<div class=\"wp-block-button has-custom-width wp-block-button__width-50 is-style-outline is-style-outline--12\"><a class=\"wp-block-button__link wp-element-button\" href=\"https:\/\/mathsjbrel.fr\/wp-content\/uploads\/2024\/08\/Chapitre-6-Forme-exponentielle-dun-complexe.pdf\" style=\"border-radius:0px\">Cours<\/a><\/div>\n\n\n\n<div class=\"wp-block-button has-custom-width wp-block-button__width-50 is-style-outline is-style-outline--13\"><a class=\"wp-block-button__link wp-element-button\" href=\"https:\/\/mathsjbrel.fr\/wp-content\/uploads\/2024\/08\/Exercices-2.pdf\" style=\"border-radius:0px\">Exercices<\/a><\/div>\n<\/div>\n\n\n\n<div class=\"wp-block-buttons is-layout-flex wp-block-buttons-is-layout-flex\"><\/div>\n\n\n\n<p class=\"has-ast-global-color-3-color has-text-color\"><br><\/p>\n<\/div>\n<\/div>\n<\/div><\/div>\n\n\n\n<div class=\"wp-block-group alignfull has-ast-global-color-5-background-color has-background is-layout-constrained wp-block-group-is-layout-constrained\"><div class=\"wp-block-group__inner-container\">\n<div class=\"wp-block-columns alignwide is-layout-flex wp-container-core-columns-is-layout-28f84493 wp-block-columns-is-layout-flex\">\n<div class=\"wp-block-column is-vertically-aligned-top is-layout-flow wp-block-column-is-layout-flow\" style=\"flex-basis:35%\">\n<figure class=\"wp-block-image aligncenter size-large is-resized has-custom-border is-style-rounded\"><img decoding=\"async\" src=\"https:\/\/upload.wikimedia.org\/wikipedia\/commons\/thumb\/5\/53\/Evariste_galois.jpg\/390px-Evariste_galois.jpg\" alt=\"\" style=\"border-radius:100px;width:183px;height:239px\"\/><figcaption class=\"wp-element-caption\">\u00c9variste Galois,<br>1811 &#8211; 1832<\/figcaption><\/figure>\n<\/div>\n\n\n\n<div class=\"wp-block-column is-layout-flow wp-block-column-is-layout-flow\" style=\"flex-basis:65%\">\n<p class=\"has-text-align-center has-ast-global-color-3-color has-text-color\"><strong>Chapitre 7<\/strong> &#8211; \u00c9quations polynomiales<\/p>\n\n\n\n<div class=\"wp-block-buttons is-vertical is-content-justification-center is-nowrap is-layout-flex wp-container-core-buttons-is-layout-40a92a1b wp-block-buttons-is-layout-flex\">\n<div class=\"wp-block-button has-custom-width wp-block-button__width-50 is-style-outline is-style-outline--14\"><a class=\"wp-block-button__link wp-element-button\" href=\"https:\/\/mathsjbrel.fr\/wp-content\/uploads\/2024\/08\/Chapitre-7-Equations-polynomiales.pdf\" style=\"border-radius:0px\">Cours<\/a><\/div>\n\n\n\n<div class=\"wp-block-button has-custom-width wp-block-button__width-50 is-style-outline is-style-outline--15\"><a class=\"wp-block-button__link wp-element-button\" href=\"https:\/\/mathsjbrel.fr\/wp-content\/uploads\/2024\/08\/Exercices.pdf\" style=\"border-radius:0px\">Exercices<\/a><\/div>\n<\/div>\n\n\n\n<div class=\"wp-block-buttons is-layout-flex wp-block-buttons-is-layout-flex\"><\/div>\n\n\n\n<p class=\"has-ast-global-color-3-color has-text-color\"><br><\/p>\n<\/div>\n<\/div>\n<\/div><\/div>\n\n\n\n<div class=\"wp-block-group alignfull has-ast-global-color-5-background-color has-background is-layout-constrained wp-block-group-is-layout-constrained\"><div class=\"wp-block-group__inner-container\">\n<div class=\"wp-block-columns alignwide is-layout-flex wp-container-core-columns-is-layout-28f84493 wp-block-columns-is-layout-flex\">\n<div class=\"wp-block-column is-vertically-aligned-top is-layout-flow wp-block-column-is-layout-flow\" style=\"flex-basis:35%\">\n<figure class=\"wp-block-image aligncenter size-large is-resized has-custom-border is-style-rounded\"><img decoding=\"async\" src=\"https:\/\/upload.wikimedia.org\/wikipedia\/commons\/thumb\/5\/5a\/Portrait_Sophie_Germain.jpg\/330px-Portrait_Sophie_Germain.jpg\" alt=\"\" style=\"border-radius:100px;aspect-ratio:0.7656903765690377;width:221px;height:auto\"\/><figcaption class=\"wp-element-caption\">Sophie Germain,<br>1776 &#8211; 1831<\/figcaption><\/figure>\n<\/div>\n\n\n\n<div class=\"wp-block-column is-layout-flow wp-block-column-is-layout-flow\" style=\"flex-basis:65%\">\n<p class=\"has-text-align-center has-ast-global-color-3-color has-text-color\"><strong>Chapitre 8<\/strong> &#8211; Nombres premiers<\/p>\n\n\n\n<div class=\"wp-block-buttons is-vertical is-content-justification-center is-nowrap is-layout-flex wp-container-core-buttons-is-layout-40a92a1b wp-block-buttons-is-layout-flex\">\n<div class=\"wp-block-button has-custom-width wp-block-button__width-50 is-style-outline is-style-outline--16\"><a class=\"wp-block-button__link wp-element-button\" href=\"https:\/\/mathsjbrel.fr\/wp-content\/uploads\/2024\/08\/Chapitre-8-Nombres-premiers.pdf\" style=\"border-radius:0px\">Cours<\/a><\/div>\n\n\n\n<div class=\"wp-block-button has-custom-width wp-block-button__width-50 is-style-outline is-style-outline--17\"><a class=\"wp-block-button__link wp-element-button\" href=\"https:\/\/mathsjbrel.fr\/wp-content\/uploads\/2024\/08\/Chapitre-8-Nombres-premiers-1.pdf\" style=\"border-radius:0px\">Exercices<\/a><\/div>\n<\/div>\n\n\n\n<div class=\"wp-block-buttons is-layout-flex wp-block-buttons-is-layout-flex\"><\/div>\n\n\n\n<p class=\"has-ast-global-color-3-color has-text-color\"><br><\/p>\n<\/div>\n<\/div>\n<\/div><\/div>\n","protected":false},"excerpt":{"rendered":"<p>\u2190 Accueil Probl\u00e8mes Chapitre 1 &#8211; D\u00e9couverte des nombres complexes Chapitre 2 &#8211; Congruences dans \u2124 Chapitre 3 &#8211; Op\u00e9rations sur les matrices Chapitre 4 &#8211; Forme trigonom\u00e9trique d&#8217;un complexe Chapitre 5 &#8211; PGCD et \u00e9quations diophantiennes Chapitre 6 &#8211; Forme exponentielle d&#8217;un nombre complexe Chapitre 7 &#8211; \u00c9quations polynomiales Chapitre 8 &#8211; Nombres premiers<\/p>\n","protected":false},"author":1,"featured_media":0,"parent":0,"menu_order":0,"comment_status":"closed","ping_status":"closed","template":"","meta":{"_mi_skip_tracking":false,"site-sidebar-layout":"default","site-content-layout":"default","ast-global-header-display":"","ast-main-header-display":"","ast-hfb-above-header-display":"","ast-hfb-below-header-display":"","ast-hfb-mobile-header-display":"","site-post-title":"disabled","ast-breadcrumbs-content":"","ast-featured-img":"","footer-sml-layout":"","theme-transparent-header-meta":"","adv-header-id-meta":"","stick-header-meta":"","header-above-stick-meta":"","header-main-stick-meta":"","header-below-stick-meta":"","footnotes":""},"class_list":["post-402","page","type-page","status-publish","hentry"],"aioseo_notices":[],"_links":{"self":[{"href":"https:\/\/mathsjbrel.fr\/index.php?rest_route=\/wp\/v2\/pages\/402","targetHints":{"allow":["GET"]}}],"collection":[{"href":"https:\/\/mathsjbrel.fr\/index.php?rest_route=\/wp\/v2\/pages"}],"about":[{"href":"https:\/\/mathsjbrel.fr\/index.php?rest_route=\/wp\/v2\/types\/page"}],"author":[{"embeddable":true,"href":"https:\/\/mathsjbrel.fr\/index.php?rest_route=\/wp\/v2\/users\/1"}],"replies":[{"embeddable":true,"href":"https:\/\/mathsjbrel.fr\/index.php?rest_route=%2Fwp%2Fv2%2Fcomments&post=402"}],"version-history":[{"count":45,"href":"https:\/\/mathsjbrel.fr\/index.php?rest_route=\/wp\/v2\/pages\/402\/revisions"}],"predecessor-version":[{"id":1020,"href":"https:\/\/mathsjbrel.fr\/index.php?rest_route=\/wp\/v2\/pages\/402\/revisions\/1020"}],"wp:attachment":[{"href":"https:\/\/mathsjbrel.fr\/index.php?rest_route=%2Fwp%2Fv2%2Fmedia&parent=402"}],"curies":[{"name":"wp","href":"https:\/\/api.w.org\/{rel}","templated":true}]}}