{"id":480,"date":"2022-09-02T15:42:00","date_gmt":"2022-09-02T15:42:00","guid":{"rendered":"https:\/\/mathsjbrel.fr\/?page_id=480"},"modified":"2025-01-30T08:43:37","modified_gmt":"2025-01-30T08:43:37","slug":"seconde-maths","status":"publish","type":"page","link":"https:\/\/mathsjbrel.fr\/?page_id=480","title":{"rendered":"Seconde  &#8211; Maths"},"content":{"rendered":"\n<p>\u2190 <a href=\"https:\/\/mathsjbrel.fr\/\" title=\"Accueil\">Accueil<\/a><\/p>\n\n\n\n<div class=\"wp-block-group alignfull has-ast-global-color-5-background-color has-background is-layout-constrained wp-block-group-is-layout-constrained\"><div class=\"wp-block-group__inner-container\">\n<div class=\"wp-block-columns alignwide is-layout-flex wp-container-core-columns-is-layout-28f84493 wp-block-columns-is-layout-flex\">\n<div class=\"wp-block-column is-vertically-aligned-top is-layout-flow wp-block-column-is-layout-flow\" style=\"flex-basis:35%\">\n<figure class=\"wp-block-image aligncenter size-full is-resized has-custom-border is-style-rounded\"><img loading=\"lazy\" decoding=\"async\" width=\"409\" height=\"307\" src=\"https:\/\/mathsjbrel.fr\/wp-content\/uploads\/2022\/09\/Boulier.jpg\" alt=\"\" class=\"wp-image-494\" style=\"border-radius:100px;width:205px;height:154px\" srcset=\"https:\/\/mathsjbrel.fr\/wp-content\/uploads\/2022\/09\/Boulier.jpg 409w, https:\/\/mathsjbrel.fr\/wp-content\/uploads\/2022\/09\/Boulier-300x225.jpg 300w\" sizes=\"auto, (max-width: 409px) 100vw, 409px\" \/><figcaption class=\"wp-element-caption\">Boulier chinois<\/figcaption><\/figure>\n<\/div>\n\n\n\n<div class=\"wp-block-column is-layout-flow wp-block-column-is-layout-flow\" style=\"flex-basis:65%\">\n<p class=\"has-text-align-center has-ast-global-color-3-color has-text-color\"><strong>Fiches de calcul<\/strong><\/p>\n\n\n\n<div class=\"wp-block-buttons is-vertical is-content-justification-center is-nowrap is-layout-flex wp-container-core-buttons-is-layout-40a92a1b wp-block-buttons-is-layout-flex\">\n<div class=\"wp-block-button has-custom-width wp-block-button__width-50 is-style-outline is-style-outline--1\"><a class=\"wp-block-button__link wp-element-button\" href=\"https:\/\/mathsjbrel.fr\/wp-content\/uploads\/2025\/01\/Cahier-de-calcul.pdf\" style=\"border-radius:0px\">Livret complet<\/a><\/div>\n<\/div>\n\n\n\n<div class=\"wp-block-buttons is-layout-flex wp-block-buttons-is-layout-flex\"><\/div>\n\n\n\n<p class=\"has-ast-global-color-3-color has-text-color\"><br><\/p>\n<\/div>\n<\/div>\n\n\n\n<p>2023-2024<\/p>\n\n\n\n<hr class=\"wp-block-separator has-alpha-channel-opacity\"\/>\n<\/div><\/div>\n\n\n\n<div class=\"wp-block-group alignfull has-ast-global-color-5-background-color has-background is-layout-constrained wp-block-group-is-layout-constrained\"><div class=\"wp-block-group__inner-container\">\n<div class=\"wp-block-columns alignwide is-layout-flex wp-container-core-columns-is-layout-28f84493 wp-block-columns-is-layout-flex\">\n<div class=\"wp-block-column is-vertically-aligned-top is-layout-flow wp-block-column-is-layout-flow\" style=\"flex-basis:35%\">\n<figure class=\"wp-block-image aligncenter size-large is-resized has-custom-border is-style-rounded\"><img loading=\"lazy\" decoding=\"async\" width=\"697\" height=\"1024\" src=\"https:\/\/mathsjbrel.fr\/wp-content\/uploads\/2022\/09\/Augustin_Louis_Cauchy-697x1024.jpg\" alt=\"\" class=\"wp-image-481\" style=\"border-radius:100px;width:174px;height:256px\" srcset=\"https:\/\/mathsjbrel.fr\/wp-content\/uploads\/2022\/09\/Augustin_Louis_Cauchy-697x1024.jpg 697w, https:\/\/mathsjbrel.fr\/wp-content\/uploads\/2022\/09\/Augustin_Louis_Cauchy-204x300.jpg 204w, https:\/\/mathsjbrel.fr\/wp-content\/uploads\/2022\/09\/Augustin_Louis_Cauchy-768x1129.jpg 768w, https:\/\/mathsjbrel.fr\/wp-content\/uploads\/2022\/09\/Augustin_Louis_Cauchy.jpg 800w\" sizes=\"auto, (max-width: 697px) 100vw, 697px\" \/><figcaption class=\"wp-element-caption\">Augustin-Louis Cauchy, 1501-1576<\/figcaption><\/figure>\n<\/div>\n\n\n\n<div class=\"wp-block-column is-layout-flow wp-block-column-is-layout-flow\" style=\"flex-basis:65%\">\n<p class=\"has-text-align-center has-ast-global-color-3-color has-text-color\"><strong>Chapitre 1 <\/strong>&#8211; Nombres, intervalles et valeur absolue<\/p>\n\n\n\n<div class=\"wp-block-buttons is-vertical is-content-justification-center is-nowrap is-layout-flex wp-container-core-buttons-is-layout-40a92a1b wp-block-buttons-is-layout-flex\">\n<div class=\"wp-block-button has-custom-width wp-block-button__width-50 is-style-outline is-style-outline--2\"><a class=\"wp-block-button__link wp-element-button\" href=\"https:\/\/mathsjbrel.fr\/wp-content\/uploads\/2023\/09\/Cours-1-Ensembles-de-nombres.pdf\" style=\"border-radius:0px\">Cours 1<br>Ensembles de nombres<\/a><\/div>\n\n\n\n<div class=\"wp-block-button has-custom-width wp-block-button__width-50 is-style-outline is-style-outline--3\"><a class=\"wp-block-button__link wp-element-button\" href=\"https:\/\/mathsjbrel.fr\/wp-content\/uploads\/2023\/10\/Cours-2-Droite-reelle.pdf\" style=\"border-radius:0px\">COURS 2<br>LA droite r\u00e9elle<\/a><\/div>\n\n\n\n<div class=\"wp-block-button has-custom-width wp-block-button__width-50 is-style-outline is-style-outline--4\"><a class=\"wp-block-button__link wp-element-button\" href=\"https:\/\/mathsjbrel.fr\/wp-content\/uploads\/2023\/09\/Cours-3-Valeur-absolue-encadrement-dun-reel.pdf\" style=\"border-radius:0px\">COURS 3<br>Valeur absolue<\/a><\/div>\n\n\n\n<div class=\"wp-block-button has-custom-width wp-block-button__width-50 is-style-outline is-style-outline--5\"><a class=\"wp-block-button__link wp-element-button\" href=\"https:\/\/mathsjbrel.fr\/wp-content\/uploads\/2023\/09\/Exercices-1.pdf\" style=\"border-radius:0px\">Exercices<\/a><\/div>\n<\/div>\n\n\n\n<div class=\"wp-block-buttons is-layout-flex wp-block-buttons-is-layout-flex\"><\/div>\n\n\n\n<p class=\"has-ast-global-color-3-color has-text-color\"><br><\/p>\n<\/div>\n<\/div>\n<\/div><\/div>\n\n\n\n<div class=\"wp-block-group alignfull has-ast-global-color-5-background-color has-background is-layout-constrained wp-block-group-is-layout-constrained\"><div class=\"wp-block-group__inner-container\">\n<div class=\"wp-block-columns alignwide is-layout-flex wp-container-core-columns-is-layout-28f84493 wp-block-columns-is-layout-flex\">\n<div class=\"wp-block-column is-vertically-aligned-top is-layout-flow wp-block-column-is-layout-flow\" style=\"flex-basis:35%\">\n<figure class=\"wp-block-image aligncenter size-full is-resized has-custom-border is-style-rounded\"><img loading=\"lazy\" decoding=\"async\" width=\"638\" height=\"890\" src=\"https:\/\/mathsjbrel.fr\/wp-content\/uploads\/2022\/11\/Michel_Chasles.jpg\" alt=\"\" class=\"wp-image-578\" style=\"border-radius:100px;width:160px;height:223px\" srcset=\"https:\/\/mathsjbrel.fr\/wp-content\/uploads\/2022\/11\/Michel_Chasles.jpg 638w, https:\/\/mathsjbrel.fr\/wp-content\/uploads\/2022\/11\/Michel_Chasles-215x300.jpg 215w\" sizes=\"auto, (max-width: 638px) 100vw, 638px\" \/><figcaption class=\"wp-element-caption\">Michel Chasles, 1793-1880<\/figcaption><\/figure>\n<\/div>\n\n\n\n<div class=\"wp-block-column is-layout-flow wp-block-column-is-layout-flow\" style=\"flex-basis:65%\">\n<p class=\"has-text-align-center has-ast-global-color-3-color has-text-color\"><strong>Chapitre 2 <\/strong>&#8211; Rep\u00e9rage et vecteurs du plan<\/p>\n\n\n\n<div class=\"wp-block-buttons is-vertical is-content-justification-center is-nowrap is-layout-flex wp-container-core-buttons-is-layout-40a92a1b wp-block-buttons-is-layout-flex\">\n<div class=\"wp-block-button has-custom-width wp-block-button__width-50 is-style-outline is-style-outline--6\"><a class=\"wp-block-button__link wp-element-button\" href=\"https:\/\/mathsjbrel.fr\/wp-content\/uploads\/2023\/10\/Activite-1-Reperage-et-coordonnees.pdf\" style=\"border-radius:0px\">rep\u00e9rage dans le plan<\/a><\/div>\n\n\n\n<div class=\"wp-block-button has-custom-width wp-block-button__width-50 is-style-outline is-style-outline--7\"><a class=\"wp-block-button__link wp-element-button\" href=\"https:\/\/mathsjbrel.fr\/wp-content\/uploads\/2023\/10\/Activite-2-Introduction-aux-vecteurs.pdf\" style=\"border-radius:0px\">Coordonn\u00e9es d&#8217;un vecteur<\/a><\/div>\n\n\n\n<div class=\"wp-block-button has-custom-width wp-block-button__width-50 is-style-outline is-style-outline--8\"><a class=\"wp-block-button__link wp-element-button\" href=\"https:\/\/mathsjbrel.fr\/wp-content\/uploads\/2023\/10\/Cours-Chapitre-2.pdf\" style=\"border-radius:0px\">Cours<\/a><\/div>\n\n\n\n<div class=\"wp-block-button has-custom-width wp-block-button__width-50 is-style-outline is-style-outline--9\"><a class=\"wp-block-button__link wp-element-button\" href=\"https:\/\/mathsjbrel.fr\/wp-content\/uploads\/2023\/10\/ExercicesVecteurs.pdf\" style=\"border-radius:0px\">Exercices<\/a><\/div>\n<\/div>\n\n\n\n<div class=\"wp-block-buttons is-layout-flex wp-block-buttons-is-layout-flex\"><\/div>\n\n\n\n<p class=\"has-ast-global-color-3-color has-text-color\"><br><\/p>\n<\/div>\n<\/div>\n<\/div><\/div>\n\n\n\n<div class=\"wp-block-group alignfull has-ast-global-color-5-background-color has-background is-layout-constrained wp-block-group-is-layout-constrained\"><div class=\"wp-block-group__inner-container\">\n<div class=\"wp-block-columns alignwide is-layout-flex wp-container-core-columns-is-layout-28f84493 wp-block-columns-is-layout-flex\">\n<div class=\"wp-block-column is-vertically-aligned-top is-layout-flow wp-block-column-is-layout-flow\" style=\"flex-basis:35%\">\n<figure class=\"wp-block-image aligncenter size-large is-resized has-custom-border is-style-rounded\"><img decoding=\"async\" src=\"https:\/\/upload.wikimedia.org\/wikipedia\/commons\/thumb\/6\/6a\/Johann_Bernoulli2.jpg\/390px-Johann_Bernoulli2.jpg\" alt=\"\" style=\"border-radius:100px;width:195px;height:242px\"\/><figcaption class=\"wp-element-caption\">Jean Bernoulli, 1667-1748<\/figcaption><\/figure>\n<\/div>\n\n\n\n<div class=\"wp-block-column is-layout-flow wp-block-column-is-layout-flow\" style=\"flex-basis:65%\">\n<p class=\"has-text-align-center has-ast-global-color-3-color has-text-color\"><strong>Chapitre 3 <\/strong>&#8211; D\u00e9couverte des fonctions<\/p>\n\n\n\n<div class=\"wp-block-buttons is-vertical is-content-justification-center is-nowrap is-layout-flex wp-container-core-buttons-is-layout-40a92a1b wp-block-buttons-is-layout-flex\">\n<div class=\"wp-block-button has-custom-width wp-block-button__width-50 is-style-outline is-style-outline--10\"><a class=\"wp-block-button__link wp-element-button\" href=\"https:\/\/mathsjbrel.fr\/wp-content\/uploads\/2023\/01\/Activite-1-Decouverte.pdf\" style=\"border-radius:0px\">Cours 1 : premiers pas<\/a><\/div>\n\n\n\n<div class=\"wp-block-button has-custom-width wp-block-button__width-50 is-style-outline is-style-outline--11\"><a class=\"wp-block-button__link wp-element-button\" href=\"https:\/\/mathsjbrel.fr\/wp-content\/uploads\/2023\/01\/Activite-2-Resolution-graphique-dinequations.pdf\" style=\"border-radius:0px\">Cours 2 : R\u00e9solution graphique d&#8217;\u00e9quations<\/a><\/div>\n\n\n\n<div class=\"wp-block-button has-custom-width wp-block-button__width-50 is-style-outline is-style-outline--12\"><a class=\"wp-block-button__link wp-element-button\" href=\"https:\/\/mathsjbrel.fr\/wp-content\/uploads\/2023\/01\/Activite-3-Variations-dune-fonction.pdf\" style=\"border-radius:0px\">Cours 3 : variations<\/a><\/div>\n\n\n\n<div class=\"wp-block-button has-custom-width wp-block-button__width-50 is-style-outline is-style-outline--13\"><a class=\"wp-block-button__link wp-element-button\" href=\"https:\/\/mathsjbrel.fr\/wp-content\/uploads\/2023\/01\/Fiche-dexercices-Fonctions.pdf\" style=\"border-radius:0px\">exercices<\/a><\/div>\n<\/div>\n\n\n\n<div class=\"wp-block-buttons is-layout-flex wp-block-buttons-is-layout-flex\"><\/div>\n\n\n\n<p class=\"has-ast-global-color-3-color has-text-color\"><br><\/p>\n<\/div>\n<\/div>\n<\/div><\/div>\n\n\n\n<div class=\"wp-block-group alignfull has-ast-global-color-5-background-color has-background is-layout-constrained wp-block-group-is-layout-constrained\"><div class=\"wp-block-group__inner-container\">\n<div class=\"wp-block-columns alignwide is-layout-flex wp-container-core-columns-is-layout-28f84493 wp-block-columns-is-layout-flex\">\n<div class=\"wp-block-column is-vertically-aligned-top is-layout-flow wp-block-column-is-layout-flow\" style=\"flex-basis:35%\">\n<figure class=\"wp-block-image aligncenter size-large is-resized has-custom-border is-style-rounded\"><img decoding=\"async\" src=\"https:\/\/upload.wikimedia.org\/wikipedia\/commons\/thumb\/c\/c6\/Ok%C3%A4nd_-_Gabrielle-%C3%89milie_Le_Tonnelier_de_Breteuil_%281706%E2%80%931749%29%2C_Marquise_du_Ch%C3%A2telet_-_NMDrh_796_-_Nationalmuseum.jpg\/390px-Ok%C3%A4nd_-_Gabrielle-%C3%89milie_Le_Tonnelier_de_Breteuil_%281706%E2%80%931749%29%2C_Marquise_du_Ch%C3%A2telet_-_NMDrh_796_-_Nationalmuseum.jpg\" alt=\"\" style=\"border-radius:100px;width:195px;height:236px\"\/><figcaption class=\"wp-element-caption\">\u00c9milie du Ch\u00e2telet, 1706-1749<\/figcaption><\/figure>\n<\/div>\n\n\n\n<div class=\"wp-block-column is-layout-flow wp-block-column-is-layout-flow\" style=\"flex-basis:65%\">\n<p class=\"has-text-align-center has-ast-global-color-3-color has-text-color\"><strong>Chapitre 4 <\/strong>&#8211; Pourcentages<\/p>\n\n\n\n<div class=\"wp-block-buttons is-vertical is-content-justification-center is-nowrap is-layout-flex wp-container-core-buttons-is-layout-40a92a1b wp-block-buttons-is-layout-flex\">\n<div class=\"wp-block-button has-custom-width wp-block-button__width-50 is-style-outline is-style-outline--14\"><a class=\"wp-block-button__link wp-element-button\" href=\"https:\/\/mathsjbrel.fr\/wp-content\/uploads\/2024\/02\/Activite-1-Proportions.pdf\" style=\"border-radius:0px\">Cours 1 : proportion<\/a><\/div>\n\n\n\n<div class=\"wp-block-button has-custom-width wp-block-button__width-50 is-style-outline is-style-outline--15\"><a class=\"wp-block-button__link wp-element-button\" href=\"https:\/\/mathsjbrel.fr\/wp-content\/uploads\/2024\/02\/Activite-2-Variations-absolue-et-relative.pdf\" style=\"border-radius:0px\">Cours 2 : Taux d&#8217;\u00e9volution<\/a><\/div>\n\n\n\n<div class=\"wp-block-button has-custom-width wp-block-button__width-50 is-style-outline is-style-outline--16\"><a class=\"wp-block-button__link wp-element-button\" href=\"https:\/\/mathsjbrel.fr\/wp-content\/uploads\/2024\/02\/Activite-3-Evolution-et-coefficient-multiplicateur.pdf\" style=\"border-radius:0px\">Cours 3 : \u00c9volutions successives<\/a><\/div>\n\n\n\n<div class=\"wp-block-button has-custom-width wp-block-button__width-50 is-style-outline is-style-outline--17\"><a class=\"wp-block-button__link wp-element-button\" href=\"https:\/\/mathsjbrel.fr\/wp-content\/uploads\/2024\/02\/Activite-4-Evolution-reciproque.pdf\" style=\"border-radius:0px\">Cours 4 : \u00c9volution r\u00e9ciproque<\/a><\/div>\n\n\n\n<div class=\"wp-block-button has-custom-width wp-block-button__width-50 is-style-outline is-style-outline--18\"><a class=\"wp-block-button__link wp-element-button\" href=\"https:\/\/mathsjbrel.fr\/wp-content\/uploads\/2024\/02\/Exercices-Chapitre-4.pdf\" style=\"border-radius:0px\">exercices<\/a><\/div>\n<\/div>\n\n\n\n<div class=\"wp-block-buttons is-layout-flex wp-block-buttons-is-layout-flex\"><\/div>\n\n\n\n<p class=\"has-ast-global-color-3-color has-text-color\"><br><\/p>\n<\/div>\n<\/div>\n<\/div><\/div>\n\n\n\n<div class=\"wp-block-group alignfull has-ast-global-color-5-background-color has-background is-layout-constrained wp-block-group-is-layout-constrained\"><div class=\"wp-block-group__inner-container\">\n<div class=\"wp-block-columns alignwide is-layout-flex wp-container-core-columns-is-layout-28f84493 wp-block-columns-is-layout-flex\">\n<div class=\"wp-block-column is-vertically-aligned-top is-layout-flow wp-block-column-is-layout-flow\" style=\"flex-basis:35%\">\n<figure class=\"wp-block-image aligncenter size-large is-resized has-custom-border is-style-rounded\"><img decoding=\"async\" src=\"https:\/\/upload.wikimedia.org\/wikipedia\/commons\/thumb\/a\/ad\/Boltzmann2.jpg\/390px-Boltzmann2.jpg\" alt=\"\" style=\"border-radius:100px;width:195px;height:239px\"\/><figcaption class=\"wp-element-caption\">Ludwig Boltzmann, 1844-1906<\/figcaption><\/figure>\n<\/div>\n\n\n\n<div class=\"wp-block-column is-layout-flow wp-block-column-is-layout-flow\" style=\"flex-basis:65%\">\n<p class=\"has-text-align-center has-ast-global-color-3-color has-text-color\"><strong>Chapitre 5 <\/strong>&#8211; Probabilit\u00e9s<\/p>\n\n\n\n<div class=\"wp-block-buttons is-vertical is-content-justification-center is-nowrap is-layout-flex wp-container-core-buttons-is-layout-40a92a1b wp-block-buttons-is-layout-flex\">\n<div class=\"wp-block-button has-custom-width wp-block-button__width-50 is-style-outline is-style-outline--19\"><a class=\"wp-block-button__link wp-element-button\" href=\"https:\/\/mathsjbrel.fr\/wp-content\/uploads\/2024\/03\/Cours.pdf\" style=\"border-radius:0px\">Cours<\/a><\/div>\n\n\n\n<div class=\"wp-block-button has-custom-width wp-block-button__width-50 is-style-outline is-style-outline--20\"><a class=\"wp-block-button__link wp-element-button\" href=\"https:\/\/mathsjbrel.fr\/wp-content\/uploads\/2024\/03\/Exercices.pdf\" style=\"border-radius:0px\">Exercices<\/a><\/div>\n<\/div>\n\n\n\n<div class=\"wp-block-buttons is-layout-flex wp-block-buttons-is-layout-flex\"><\/div>\n\n\n\n<p class=\"has-ast-global-color-3-color has-text-color\"><br><\/p>\n<\/div>\n<\/div>\n<\/div><\/div>\n\n\n\n<div class=\"wp-block-group alignfull has-ast-global-color-5-background-color has-background is-layout-constrained wp-block-group-is-layout-constrained\"><div class=\"wp-block-group__inner-container\">\n<div class=\"wp-block-columns alignwide is-layout-flex wp-container-core-columns-is-layout-28f84493 wp-block-columns-is-layout-flex\">\n<div class=\"wp-block-column is-vertically-aligned-top is-layout-flow wp-block-column-is-layout-flow\" style=\"flex-basis:35%\">\n<figure class=\"wp-block-image aligncenter size-large is-resized has-custom-border is-style-rounded\"><img decoding=\"async\" src=\"https:\/\/upload.wikimedia.org\/wikipedia\/commons\/b\/bf\/Carl_Louis_Ferdinand_von_Lindemann.jpg\" alt=\"\" style=\"border-radius:100px;width:181px;height:219px\"\/><figcaption class=\"wp-element-caption\">Ferdinand von Lindemann, <br>1852-1939<\/figcaption><\/figure>\n<\/div>\n\n\n\n<div class=\"wp-block-column is-layout-flow wp-block-column-is-layout-flow\" style=\"flex-basis:65%\">\n<p class=\"has-text-align-center has-ast-global-color-3-color has-text-color\"><strong>Chapitre 6 <\/strong>&#8211; \u00c9quations et in\u00e9quations<\/p>\n\n\n\n<div class=\"wp-block-buttons is-vertical is-content-justification-center is-nowrap is-layout-flex wp-container-core-buttons-is-layout-40a92a1b wp-block-buttons-is-layout-flex\">\n<div class=\"wp-block-button has-custom-width wp-block-button__width-50 is-style-outline is-style-outline--21\"><a class=\"wp-block-button__link wp-element-button\" href=\"https:\/\/mathsjbrel.fr\/wp-content\/uploads\/2024\/05\/Cours-corrige.pdf\" style=\"border-radius:0px\">Cours<\/a><\/div>\n\n\n\n<div class=\"wp-block-button has-custom-width wp-block-button__width-50 is-style-outline is-style-outline--22\"><a class=\"wp-block-button__link wp-element-button\" href=\"https:\/\/mathsjbrel.fr\/wp-content\/uploads\/2024\/05\/Exercices.pdf\" style=\"border-radius:0px\">Exercices<\/a><\/div>\n\n\n\n<div class=\"wp-block-button has-custom-width wp-block-button__width-50 is-style-outline is-style-outline--23\"><a class=\"wp-block-button__link wp-element-button\" href=\"https:\/\/mathsjbrel.fr\/wp-content\/uploads\/2024\/05\/Revisions.pdf\" style=\"border-radius:0px\">R\u00e9visions pour le ds<\/a><\/div>\n<\/div>\n\n\n\n<div class=\"wp-block-buttons is-layout-flex wp-block-buttons-is-layout-flex\"><\/div>\n\n\n\n<p class=\"has-ast-global-color-3-color has-text-color\"><br><\/p>\n<\/div>\n<\/div>\n<\/div><\/div>\n\n\n\n<div class=\"wp-block-group alignfull has-ast-global-color-5-background-color has-background is-layout-constrained wp-block-group-is-layout-constrained\"><div class=\"wp-block-group__inner-container\">\n<div class=\"wp-block-columns alignwide is-layout-flex wp-container-core-columns-is-layout-28f84493 wp-block-columns-is-layout-flex\">\n<div class=\"wp-block-column is-vertically-aligned-top is-layout-flow wp-block-column-is-layout-flow\" style=\"flex-basis:35%\">\n<figure class=\"wp-block-image aligncenter size-large is-resized has-custom-border is-style-rounded\"><img decoding=\"async\" src=\"https:\/\/upload.wikimedia.org\/wikipedia\/en\/d\/d4\/Marjorie_Rice.jpg\" alt=\"\" style=\"border-radius:100px;aspect-ratio:0.8264840182648402;width:185px;height:auto\"\/><figcaption class=\"wp-element-caption\">Marjorie Rice, <br>1923-2017<\/figcaption><\/figure>\n<\/div>\n\n\n\n<div class=\"wp-block-column is-layout-flow wp-block-column-is-layout-flow\" style=\"flex-basis:65%\">\n<p class=\"has-text-align-center has-ast-global-color-3-color has-text-color\"><strong>Chapitre 7 <\/strong>&#8211; Colin\u00e9arit\u00e9 de vecteurs<\/p>\n\n\n\n<div class=\"wp-block-buttons is-vertical is-content-justification-center is-nowrap is-layout-flex wp-container-core-buttons-is-layout-40a92a1b wp-block-buttons-is-layout-flex\">\n<div class=\"wp-block-button has-custom-width wp-block-button__width-50 is-style-outline is-style-outline--24\"><a class=\"wp-block-button__link wp-element-button\" href=\"https:\/\/mathsjbrel.fr\/wp-content\/uploads\/2024\/05\/Cours-Colinearite-de-vecteurs.pdf\" style=\"border-radius:0px\">Cours<\/a><\/div>\n\n\n\n<div class=\"wp-block-button has-custom-width wp-block-button__width-50 is-style-outline is-style-outline--25\"><a class=\"wp-block-button__link wp-element-button\" href=\"https:\/\/mathsjbrel.fr\/wp-content\/uploads\/2024\/05\/Exercices-1.pdf\" style=\"border-radius:0px\">Exercices<\/a><\/div>\n<\/div>\n\n\n\n<div class=\"wp-block-buttons is-layout-flex wp-block-buttons-is-layout-flex\"><\/div>\n\n\n\n<p class=\"has-ast-global-color-3-color has-text-color\"><br><\/p>\n<\/div>\n<\/div>\n<\/div><\/div>\n","protected":false},"excerpt":{"rendered":"<p>\u2190 Accueil Fiches de calcul 2023-2024 Chapitre 1 &#8211; Nombres, intervalles et valeur absolue Chapitre 2 &#8211; Rep\u00e9rage et vecteurs du plan Chapitre 3 &#8211; D\u00e9couverte des fonctions Chapitre 4 &#8211; Pourcentages Chapitre 5 &#8211; Probabilit\u00e9s Chapitre 6 &#8211; \u00c9quations et in\u00e9quations Chapitre 7 &#8211; Colin\u00e9arit\u00e9 de vecteurs<\/p>\n","protected":false},"author":1,"featured_media":0,"parent":0,"menu_order":0,"comment_status":"closed","ping_status":"closed","template":"","meta":{"_mi_skip_tracking":false,"site-sidebar-layout":"default","site-content-layout":"default","ast-global-header-display":"","ast-main-header-display":"","ast-hfb-above-header-display":"","ast-hfb-below-header-display":"","ast-hfb-mobile-header-display":"","site-post-title":"disabled","ast-breadcrumbs-content":"","ast-featured-img":"","footer-sml-layout":"","theme-transparent-header-meta":"","adv-header-id-meta":"","stick-header-meta":"","header-above-stick-meta":"","header-main-stick-meta":"","header-below-stick-meta":"","footnotes":""},"class_list":["post-480","page","type-page","status-publish","hentry"],"aioseo_notices":[],"_links":{"self":[{"href":"https:\/\/mathsjbrel.fr\/index.php?rest_route=\/wp\/v2\/pages\/480","targetHints":{"allow":["GET"]}}],"collection":[{"href":"https:\/\/mathsjbrel.fr\/index.php?rest_route=\/wp\/v2\/pages"}],"about":[{"href":"https:\/\/mathsjbrel.fr\/index.php?rest_route=\/wp\/v2\/types\/page"}],"author":[{"embeddable":true,"href":"https:\/\/mathsjbrel.fr\/index.php?rest_route=\/wp\/v2\/users\/1"}],"replies":[{"embeddable":true,"href":"https:\/\/mathsjbrel.fr\/index.php?rest_route=%2Fwp%2Fv2%2Fcomments&post=480"}],"version-history":[{"count":28,"href":"https:\/\/mathsjbrel.fr\/index.php?rest_route=\/wp\/v2\/pages\/480\/revisions"}],"predecessor-version":[{"id":1090,"href":"https:\/\/mathsjbrel.fr\/index.php?rest_route=\/wp\/v2\/pages\/480\/revisions\/1090"}],"wp:attachment":[{"href":"https:\/\/mathsjbrel.fr\/index.php?rest_route=%2Fwp%2Fv2%2Fmedia&parent=480"}],"curies":[{"name":"wp","href":"https:\/\/api.w.org\/{rel}","templated":true}]}}