{"id":485,"date":"2022-09-02T16:02:02","date_gmt":"2022-09-02T16:02:02","guid":{"rendered":"https:\/\/mathsjbrel.fr\/?page_id=485"},"modified":"2023-05-31T06:45:56","modified_gmt":"2023-05-31T06:45:56","slug":"seconde-snt","status":"publish","type":"page","link":"https:\/\/mathsjbrel.fr\/?page_id=485","title":{"rendered":"Seconde &#8211; SNT"},"content":{"rendered":"\n<p>\u2190 <a href=\"https:\/\/mathsjbrel.fr\/\" title=\"Accueil\">Accueil<\/a><\/p>\n\n\n\n<div class=\"wp-block-group alignfull has-ast-global-color-5-background-color has-background is-layout-constrained wp-block-group-is-layout-constrained\"><div class=\"wp-block-group__inner-container\">\n<div class=\"wp-block-columns alignwide is-layout-flex wp-container-core-columns-is-layout-28f84493 wp-block-columns-is-layout-flex\">\n<div class=\"wp-block-column is-vertically-aligned-top is-layout-flow wp-block-column-is-layout-flow\" style=\"flex-basis:35%\">\n<figure class=\"wp-block-image aligncenter size-full is-resized has-custom-border is-style-rounded\"><img loading=\"lazy\" decoding=\"async\" src=\"https:\/\/mathsjbrel.fr\/wp-content\/uploads\/2022\/09\/1024px-Transistors-white.jpg\" alt=\"\" class=\"wp-image-498\" style=\"border-radius:100px\" width=\"256\" height=\"186\" srcset=\"https:\/\/mathsjbrel.fr\/wp-content\/uploads\/2022\/09\/1024px-Transistors-white.jpg 1024w, https:\/\/mathsjbrel.fr\/wp-content\/uploads\/2022\/09\/1024px-Transistors-white-300x217.jpg 300w, https:\/\/mathsjbrel.fr\/wp-content\/uploads\/2022\/09\/1024px-Transistors-white-768x557.jpg 768w\" sizes=\"auto, (max-width: 256px) 100vw, 256px\" \/><figcaption class=\"wp-element-caption\">Quelques transistors<\/figcaption><\/figure>\n<\/div>\n\n\n\n<div class=\"wp-block-column is-layout-flow wp-block-column-is-layout-flow\" style=\"flex-basis:65%\">\n<p class=\"has-text-align-center has-ast-global-color-3-color has-text-color\"><strong>Codage de l&#8217;information<\/strong><\/p>\n\n\n\n<div class=\"wp-block-buttons is-vertical is-content-justification-center is-nowrap is-layout-flex wp-container-core-buttons-is-layout-40a92a1b wp-block-buttons-is-layout-flex\">\n<div class=\"wp-block-button has-custom-width wp-block-button__width-50 is-style-outline is-style-outline--1\"><a class=\"wp-block-button__link wp-element-button\" href=\"https:\/\/mathsjbrel.fr\/wp-content\/uploads\/2022\/09\/Codage-de-linformation.pdf\" style=\"border-radius:0px\">\u00c9criture des nombres en base 2<\/a><\/div>\n<\/div>\n\n\n\n<div class=\"wp-block-buttons is-layout-flex wp-block-buttons-is-layout-flex\"><\/div>\n\n\n\n<p class=\"has-ast-global-color-3-color has-text-color\"><br><\/p>\n<\/div>\n<\/div>\n<\/div><\/div>\n\n\n\n<div class=\"wp-block-group alignfull has-ast-global-color-5-background-color has-background is-layout-constrained wp-block-group-is-layout-constrained\"><div class=\"wp-block-group__inner-container\">\n<div class=\"wp-block-columns alignwide is-layout-flex wp-container-core-columns-is-layout-28f84493 wp-block-columns-is-layout-flex\">\n<div class=\"wp-block-column is-vertically-aligned-top is-layout-flow wp-block-column-is-layout-flow\" style=\"flex-basis:35%\">\n<figure class=\"wp-block-image aligncenter size-large is-resized has-custom-border is-style-rounded\"><img loading=\"lazy\" decoding=\"async\" src=\"https:\/\/mathsjbrel.fr\/wp-content\/uploads\/2022\/11\/1280px-Edsger_Dijkstra_1994-1024x701.jpg\" alt=\"\" class=\"wp-image-582\" style=\"border-radius:100px\" width=\"256\" height=\"175\" srcset=\"https:\/\/mathsjbrel.fr\/wp-content\/uploads\/2022\/11\/1280px-Edsger_Dijkstra_1994-1024x701.jpg 1024w, https:\/\/mathsjbrel.fr\/wp-content\/uploads\/2022\/11\/1280px-Edsger_Dijkstra_1994-300x205.jpg 300w, https:\/\/mathsjbrel.fr\/wp-content\/uploads\/2022\/11\/1280px-Edsger_Dijkstra_1994-768x526.jpg 768w, https:\/\/mathsjbrel.fr\/wp-content\/uploads\/2022\/11\/1280px-Edsger_Dijkstra_1994.jpg 1280w\" sizes=\"auto, (max-width: 256px) 100vw, 256px\" \/><figcaption class=\"wp-element-caption\">Edsger Dijkstra (1930-2002) durant une conf\u00e9rence \u00e0 Zurich en 1994<\/figcaption><\/figure>\n<\/div>\n\n\n\n<div class=\"wp-block-column is-layout-flow wp-block-column-is-layout-flow\" style=\"flex-basis:65%\">\n<p class=\"has-text-align-center has-ast-global-color-3-color has-text-color\"><strong>Expos\u00e9s<\/strong><\/p>\n\n\n\n<div class=\"wp-block-buttons is-vertical is-content-justification-center is-nowrap is-layout-flex wp-container-core-buttons-is-layout-40a92a1b wp-block-buttons-is-layout-flex\">\n<div class=\"wp-block-button has-custom-width wp-block-button__width-50 is-style-outline is-style-outline--2\"><a class=\"wp-block-button__link wp-element-button\" href=\"https:\/\/mathsjbrel.fr\/wp-content\/uploads\/2022\/11\/SNT-Exposes.pdf\" style=\"border-radius:0px\">semestre 1<\/a><\/div>\n<\/div>\n\n\n\n<div class=\"wp-block-buttons is-layout-flex wp-block-buttons-is-layout-flex\"><\/div>\n\n\n\n<p class=\"has-ast-global-color-3-color has-text-color\"><br><\/p>\n<\/div>\n<\/div>\n<\/div><\/div>\n\n\n\n<div class=\"wp-block-group alignfull has-ast-global-color-5-background-color has-background is-layout-constrained wp-block-group-is-layout-constrained\"><div class=\"wp-block-group__inner-container\">\n<div class=\"wp-block-columns alignwide is-layout-flex wp-container-core-columns-is-layout-28f84493 wp-block-columns-is-layout-flex\">\n<div class=\"wp-block-column is-vertically-aligned-top is-layout-flow wp-block-column-is-layout-flow\" style=\"flex-basis:35%\">\n<figure class=\"wp-block-image aligncenter size-full is-resized has-custom-border is-style-rounded\"><img loading=\"lazy\" decoding=\"async\" src=\"https:\/\/mathsjbrel.fr\/wp-content\/uploads\/2022\/10\/montypython.jpg\" alt=\"\" class=\"wp-image-536\" style=\"border-radius:100px\" width=\"225\" height=\"178\"\/><figcaption class=\"wp-element-caption\">The Ministry of Silly Walks<\/figcaption><\/figure>\n<\/div>\n\n\n\n<div class=\"wp-block-column is-layout-flow wp-block-column-is-layout-flow\" style=\"flex-basis:65%\">\n<p class=\"has-text-align-center has-ast-global-color-3-color has-text-color\"><strong>Programmer avec Python<\/strong><\/p>\n\n\n\n<div class=\"wp-block-buttons is-vertical is-content-justification-center is-nowrap is-layout-flex wp-container-core-buttons-is-layout-40a92a1b wp-block-buttons-is-layout-flex\">\n<div class=\"wp-block-button has-custom-width wp-block-button__width-50 is-style-outline is-style-outline--3\"><a class=\"wp-block-button__link wp-element-button\" href=\"https:\/\/mathsjbrel.fr\/wp-content\/uploads\/2022\/10\/Fiche-1-Variables.pdf\" style=\"border-radius:0px\">Fiche  1 &#8211; notion de variable<\/a><\/div>\n\n\n\n<div class=\"wp-block-button has-custom-width wp-block-button__width-50 is-style-outline is-style-outline--4\"><a class=\"wp-block-button__link wp-element-button\" href=\"https:\/\/mathsjbrel.fr\/wp-content\/uploads\/2022\/10\/Fiche-2-Premiers-pas-avec-Python.pdf\" style=\"border-radius:0px\">Fiche  2 &#8211; PREMIERs pas avec python<\/a><\/div>\n\n\n\n<div class=\"wp-block-button has-custom-width wp-block-button__width-50 is-style-outline is-style-outline--5\"><a class=\"wp-block-button__link wp-element-button\" href=\"https:\/\/mathsjbrel.fr\/wp-content\/uploads\/2022\/10\/Fiche-3-Exercices.pdf\" style=\"border-radius:0px\">Fiche  3 &#8211; entra\u00eenement<\/a><\/div>\n\n\n\n<div class=\"wp-block-button has-custom-width wp-block-button__width-50 is-style-outline is-style-outline--6\"><a class=\"wp-block-button__link wp-element-button\" href=\"https:\/\/mathsjbrel.fr\/wp-content\/uploads\/2023\/01\/Fiche-4-Instructions-conditionnelles.pdf\" style=\"border-radius:0px\">Fiche  4 &#8211; instructions conditionnelles<\/a><\/div>\n\n\n\n<div class=\"wp-block-button has-custom-width wp-block-button__width-50 is-style-outline is-style-outline--7\"><a class=\"wp-block-button__link wp-element-button\" href=\"https:\/\/mathsjbrel.fr\/wp-content\/uploads\/2023\/01\/Fiche-5-Instructions-conditionnelles-exos.pdf\" style=\"border-radius:0px\">Fiche  5 &#8211; instructions conditionnelles, exercices<\/a><\/div>\n\n\n\n<div class=\"wp-block-button has-custom-width wp-block-button__width-50 is-style-outline is-style-outline--8\"><a class=\"wp-block-button__link wp-element-button\" href=\"https:\/\/mathsjbrel.fr\/wp-content\/uploads\/2023\/02\/Fiche-6-Boucle-For.pdf\" style=\"border-radius:0px\">Fiche  6 &#8211; boucle for<\/a><\/div>\n<\/div>\n\n\n\n<div class=\"wp-block-buttons is-layout-flex wp-block-buttons-is-layout-flex\"><\/div>\n\n\n\n<p class=\"has-ast-global-color-3-color has-text-color\"><br><\/p>\n<\/div>\n<\/div>\n<\/div><\/div>\n\n\n\n<div class=\"wp-block-group alignfull has-ast-global-color-5-background-color has-background is-layout-constrained wp-block-group-is-layout-constrained\"><div class=\"wp-block-group__inner-container\">\n<div class=\"wp-block-columns alignwide is-layout-flex wp-container-core-columns-is-layout-28f84493 wp-block-columns-is-layout-flex\">\n<div class=\"wp-block-column is-vertically-aligned-top is-layout-flow wp-block-column-is-layout-flow\" style=\"flex-basis:35%\">\n<figure class=\"wp-block-image aligncenter size-large is-resized has-custom-border is-style-rounded\"><img loading=\"lazy\" decoding=\"async\" src=\"https:\/\/mathsjbrel.fr\/wp-content\/uploads\/2022\/09\/Interface_Message_Processor_Front_Panel-1024x685.jpg\" alt=\"\" class=\"wp-image-487\" style=\"border-radius:100px\" width=\"256\" height=\"171\" srcset=\"https:\/\/mathsjbrel.fr\/wp-content\/uploads\/2022\/09\/Interface_Message_Processor_Front_Panel-1024x685.jpg 1024w, https:\/\/mathsjbrel.fr\/wp-content\/uploads\/2022\/09\/Interface_Message_Processor_Front_Panel-300x201.jpg 300w, https:\/\/mathsjbrel.fr\/wp-content\/uploads\/2022\/09\/Interface_Message_Processor_Front_Panel-768x514.jpg 768w, https:\/\/mathsjbrel.fr\/wp-content\/uploads\/2022\/09\/Interface_Message_Processor_Front_Panel-1536x1028.jpg 1536w, https:\/\/mathsjbrel.fr\/wp-content\/uploads\/2022\/09\/Interface_Message_Processor_Front_Panel-2048x1371.jpg 2048w\" sizes=\"auto, (max-width: 256px) 100vw, 256px\" \/><figcaption class=\"wp-element-caption\">Panneau de commande d&#8217;un IMP<\/figcaption><\/figure>\n<\/div>\n\n\n\n<div class=\"wp-block-column is-layout-flow wp-block-column-is-layout-flow\" style=\"flex-basis:65%\">\n<p class=\"has-text-align-center has-ast-global-color-3-color has-text-color\"><strong>Th\u00e8me 1 <\/strong>&#8211; Internet<\/p>\n\n\n\n<div class=\"wp-block-buttons is-vertical is-content-justification-center is-nowrap is-layout-flex wp-container-core-buttons-is-layout-40a92a1b wp-block-buttons-is-layout-flex\">\n<div class=\"wp-block-button has-custom-width wp-block-button__width-50 is-style-outline is-style-outline--9\"><a class=\"wp-block-button__link wp-element-button\" href=\"https:\/\/mathsjbrel.fr\/wp-content\/uploads\/2022\/09\/Trafic-et-reseaux-physiques.pdf\" style=\"border-radius:0px\">I &#8211; Trafic et r\u00e9seaux physiques<\/a><\/div>\n\n\n\n<div class=\"wp-block-button has-custom-width wp-block-button__width-50 is-style-outline is-style-outline--10\"><a class=\"wp-block-button__link wp-element-button\" href=\"https:\/\/mathsjbrel.fr\/wp-content\/uploads\/2022\/11\/Activite-2-IP-et-serveur-DNS.pdf\" style=\"border-radius:0px\">II &#8211; Adresse Ip et serveur dns<\/a><\/div>\n<\/div>\n\n\n\n<div class=\"wp-block-buttons is-layout-flex wp-block-buttons-is-layout-flex\"><\/div>\n\n\n\n<p class=\"has-ast-global-color-3-color has-text-color\"><br><\/p>\n<\/div>\n<\/div>\n<\/div><\/div>\n\n\n\n<div class=\"wp-block-group alignfull has-ast-global-color-5-background-color has-background is-layout-constrained wp-block-group-is-layout-constrained\"><div class=\"wp-block-group__inner-container\">\n<div class=\"wp-block-columns alignwide is-layout-flex wp-container-core-columns-is-layout-28f84493 wp-block-columns-is-layout-flex\">\n<div class=\"wp-block-column is-vertically-aligned-top is-layout-flow wp-block-column-is-layout-flow\" style=\"flex-basis:35%\">\n<figure class=\"wp-block-image aligncenter size-large is-resized has-custom-border is-style-rounded\"><img loading=\"lazy\" decoding=\"async\" src=\"https:\/\/upload.wikimedia.org\/wikipedia\/commons\/thumb\/d\/d1\/First_Web_Server.jpg\/1024px-First_Web_Server.jpg\" alt=\"\" style=\"border-radius:100px\" width=\"256\" height=\"192\"\/><figcaption class=\"wp-element-caption\">Le premier serveur web<\/figcaption><\/figure>\n<\/div>\n\n\n\n<div class=\"wp-block-column is-layout-flow wp-block-column-is-layout-flow\" style=\"flex-basis:65%\">\n<p class=\"has-text-align-center has-ast-global-color-3-color has-text-color\"><strong>Th\u00e8me 2 <\/strong>&#8211; Le web<\/p>\n\n\n\n<div class=\"wp-block-buttons is-vertical is-content-justification-center is-nowrap is-layout-flex wp-container-core-buttons-is-layout-40a92a1b wp-block-buttons-is-layout-flex\">\n<div class=\"wp-block-button has-custom-width wp-block-button__width-50 is-style-outline is-style-outline--11\"><a class=\"wp-block-button__link wp-element-button\" href=\"https:\/\/mathsjbrel.fr\/wp-content\/uploads\/2023\/01\/Activite-1-Quest-ce-que-le-web.pdf\" style=\"border-radius:0px\">I &#8211; Qu&#8217;est-ce que le web ?<\/a><\/div>\n\n\n\n<div class=\"wp-block-button has-custom-width wp-block-button__width-50 is-style-outline is-style-outline--12\"><a class=\"wp-block-button__link wp-element-button\" href=\"https:\/\/mathsjbrel.fr\/wp-content\/uploads\/2023\/03\/TP-1-Decouverte-de-HTML.pdf\" style=\"border-radius:0px\">TP1 &#8211; D\u00e9couverte de html<\/a><\/div>\n\n\n\n<div class=\"wp-block-button has-custom-width wp-block-button__width-50 is-style-outline is-style-outline--13\"><a class=\"wp-block-button__link wp-element-button\" href=\"https:\/\/mathsjbrel.fr\/wp-content\/uploads\/2023\/03\/TP-2-Liens.pdf\" style=\"border-radius:0px\">TP2 &#8211; Les liens<\/a><\/div>\n\n\n\n<div class=\"wp-block-button has-custom-width wp-block-button__width-50 is-style-outline is-style-outline--14\"><a class=\"wp-block-button__link wp-element-button\" href=\"https:\/\/mathsjbrel.fr\/wp-content\/uploads\/2023\/04\/TP-note.pdf\" style=\"border-radius:0px\">TP not\u00e9<\/a><\/div>\n<\/div>\n\n\n\n<div class=\"wp-block-buttons is-layout-flex wp-block-buttons-is-layout-flex\"><\/div>\n\n\n\n<p class=\"has-ast-global-color-3-color has-text-color\"><br><\/p>\n<\/div>\n<\/div>\n\n\n\n<div class=\"wp-block-columns alignwide is-layout-flex wp-container-core-columns-is-layout-28f84493 wp-block-columns-is-layout-flex\">\n<div class=\"wp-block-column is-vertically-aligned-top is-layout-flow wp-block-column-is-layout-flow\" style=\"flex-basis:35%\">\n<figure class=\"wp-block-image aligncenter size-large is-resized has-custom-border is-style-rounded\"><img loading=\"lazy\" decoding=\"async\" src=\"https:\/\/upload.wikimedia.org\/wikipedia\/commons\/thumb\/d\/d4\/Merkaartor_sample.jpg\/1280px-Merkaartor_sample.jpg\" alt=\"\" style=\"border-radius:100px\" width=\"297\" height=\"167\"\/><figcaption class=\"wp-element-caption\">Logiciel Merkaartor, \u00e9diteur de carte<\/figcaption><\/figure>\n<\/div>\n\n\n\n<div class=\"wp-block-column is-layout-flow wp-block-column-is-layout-flow\" style=\"flex-basis:65%\">\n<p class=\"has-text-align-center has-ast-global-color-3-color has-text-color\"><strong>Th\u00e8me 3 <\/strong>&#8211; G\u00e9olocalisation et cartographie<\/p>\n\n\n\n<div class=\"wp-block-buttons is-vertical is-content-justification-center is-nowrap is-layout-flex wp-container-core-buttons-is-layout-40a92a1b wp-block-buttons-is-layout-flex\">\n<div class=\"wp-block-button has-custom-width wp-block-button__width-50 is-style-outline is-style-outline--15\"><a class=\"wp-block-button__link wp-element-button\" href=\"https:\/\/mathsjbrel.fr\/wp-content\/uploads\/2023\/05\/TP-Geoportail.pdf\" style=\"border-radius:0px\">TP &#8211; G\u00e9oportail<\/a><\/div>\n<\/div>\n\n\n\n<div class=\"wp-block-buttons is-layout-flex wp-block-buttons-is-layout-flex\"><\/div>\n\n\n\n<p class=\"has-ast-global-color-3-color has-text-color\"><br><\/p>\n<\/div>\n<\/div>\n<\/div><\/div>\n","protected":false},"excerpt":{"rendered":"<p>\u2190 Accueil Codage de l&#8217;information Expos\u00e9s Programmer avec Python Th\u00e8me 1 &#8211; Internet Th\u00e8me 2 &#8211; Le web Th\u00e8me 3 &#8211; G\u00e9olocalisation et cartographie<\/p>\n","protected":false},"author":1,"featured_media":0,"parent":0,"menu_order":0,"comment_status":"closed","ping_status":"closed","template":"","meta":{"_mi_skip_tracking":false,"site-sidebar-layout":"default","site-content-layout":"default","ast-global-header-display":"","ast-main-header-display":"","ast-hfb-above-header-display":"","ast-hfb-below-header-display":"","ast-hfb-mobile-header-display":"","site-post-title":"disabled","ast-breadcrumbs-content":"","ast-featured-img":"","footer-sml-layout":"","theme-transparent-header-meta":"","adv-header-id-meta":"","stick-header-meta":"","header-above-stick-meta":"","header-main-stick-meta":"","header-below-stick-meta":"","footnotes":""},"class_list":["post-485","page","type-page","status-publish","hentry"],"aioseo_notices":[],"_links":{"self":[{"href":"https:\/\/mathsjbrel.fr\/index.php?rest_route=\/wp\/v2\/pages\/485","targetHints":{"allow":["GET"]}}],"collection":[{"href":"https:\/\/mathsjbrel.fr\/index.php?rest_route=\/wp\/v2\/pages"}],"about":[{"href":"https:\/\/mathsjbrel.fr\/index.php?rest_route=\/wp\/v2\/types\/page"}],"author":[{"embeddable":true,"href":"https:\/\/mathsjbrel.fr\/index.php?rest_route=\/wp\/v2\/users\/1"}],"replies":[{"embeddable":true,"href":"https:\/\/mathsjbrel.fr\/index.php?rest_route=%2Fwp%2Fv2%2Fcomments&post=485"}],"version-history":[{"count":22,"href":"https:\/\/mathsjbrel.fr\/index.php?rest_route=\/wp\/v2\/pages\/485\/revisions"}],"predecessor-version":[{"id":728,"href":"https:\/\/mathsjbrel.fr\/index.php?rest_route=\/wp\/v2\/pages\/485\/revisions\/728"}],"wp:attachment":[{"href":"https:\/\/mathsjbrel.fr\/index.php?rest_route=%2Fwp%2Fv2%2Fmedia&parent=485"}],"curies":[{"name":"wp","href":"https:\/\/api.w.org\/{rel}","templated":true}]}}