{"id":979,"date":"2025-02-13T15:18:05","date_gmt":"2025-02-13T15:18:05","guid":{"rendered":"https:\/\/mathsjbrel.fr\/?page_id=979"},"modified":"2025-02-14T15:25:38","modified_gmt":"2025-02-14T15:25:38","slug":"idees-pour-le-grand-oral","status":"publish","type":"page","link":"https:\/\/mathsjbrel.fr\/?page_id=979","title":{"rendered":"Id\u00e9es Pour le grand oral"},"content":{"rendered":"\n<ol class=\"wp-block-list\">\n<li>Un nouveau classement des m\u00e9dailles pour les JO ? La proposition de Robert Duncan, astrophysicien \u00e9tats-unien.\n<ul class=\"wp-block-list\">\n<li><a href=\"https:\/\/content.iospress.com\/articles\/journal-of-sports-analytics\/jsa240874\" title=\"\">https:\/\/content.iospress.com\/articles\/journal-of-sports-analytics\/jsa240874<\/a><\/li>\n\n\n\n<li><a href=\"https:\/\/www.courrierinternational.com\/article\/quel-pays-sort-vainqueur-des-jo-compter-les-medailles-ne-suffit-pas_220685\">https:\/\/www.courrierinternational.com\/article\/quel-pays-sort-vainqueur-des-jo-compter-les-medailles-ne-suffit-pas_220685<\/a><\/li>\n<\/ul>\n<\/li>\n\n\n\n<li>Parle-t-on de chance ou de probabilit\u00e9 ? L&#8217;importance du vocabulaire en probabilit\u00e9s.\n<ul class=\"wp-block-list\">\n<li><a href=\"https:\/\/culturemath.ens.fr\/thematiques\/probabilites\/du-vocabulaire-courant-en-probabilite-a-une-axiomatisation-rigoureuse\" title=\"\">https:\/\/culturemath.ens.fr\/thematiques\/probabilites\/du-vocabulaire-courant-en-probabilite-a-une-axiomatisation-rigoureuse<\/a><\/li>\n<\/ul>\n<\/li>\n\n\n\n<li>Peut-on vraiment fluidifier le trafic en fermant une route ? Le paradoxe de Braess et sa mod\u00e9lisation math\u00e9matique.\n<ul class=\"wp-block-list\">\n<li><a href=\"https:\/\/interstices.info\/quand-plus-egale-moins\/\">https:\/\/interstices.info\/quand-plus-egale-moins\/<\/a><\/li>\n\n\n\n<li><a href=\"https:\/\/paisajes.math.cnrs.fr\/Le-prix-de-l-anarchie.html\">https:\/\/paisajes.math.cnrs.fr\/Le-prix-de-l-anarchie.html<\/a><\/li>\n<\/ul>\n<\/li>\n\n\n\n<li>Est-ce toujours si simple de calculer une moyenne ? De la moyenne harmonique au calcul int\u00e9gral.\n<ul class=\"wp-block-list\">\n<li><a href=\"https:\/\/www.futura-sciences.com\/sciences\/questions-reponses\/jeux-jeu-mathematique-moyenne-cycliste-8958\/\">https:\/\/www.futura-sciences.com\/sciences\/questions-reponses\/jeux-jeu-mathematique-moyenne-cycliste-8958\/<\/a><\/li>\n\n\n\n<li><a href=\"https:\/\/fr.wikipedia.org\/wiki\/Moyenne_harmonique\">https:\/\/fr.wikipedia.org\/wiki\/Moyenne_harmonique<\/a><\/li>\n<\/ul>\n<\/li>\n\n\n\n<li>Quelle est cette fameuse &#8220;courbe en cloche&#8221; ? De la loi binomiale au th\u00e9or\u00e8me central limite.\n<ul class=\"wp-block-list\">\n<li><a href=\"https:\/\/fr.wikipedia.org\/wiki\/Th%C3%A9or%C3%A8me_central_limite\">https:\/\/fr.wikipedia.org\/wiki\/Th%C3%A9or%C3%A8me_central_limite<\/a><\/li>\n<\/ul>\n<\/li>\n\n\n\n<li>Comment \u00eatre certain du contenu d&#8217;un message re\u00e7u ? Information et entropie de Shannon.\n<ul class=\"wp-block-list\">\n<li><a href=\"https:\/\/culturemath.ens.fr\/thematiques\/probabilites\/qu-est-ce-que-la-theorie-de-l-information\">https:\/\/culturemath.ens.fr\/thematiques\/probabilites\/qu-est-ce-que-la-theorie-de-l-information<\/a><\/li>\n\n\n\n<li><a href=\"https:\/\/www.bibmath.net\/dico\/index.php?action=affiche&amp;quoi=.\/e\/entropie.html\">https:\/\/www.bibmath.net\/dico\/index.php?action=affiche&amp;quoi=.\/e\/entropie.html<\/a><\/li>\n<\/ul>\n<\/li>\n\n\n\n<li>Nombres irrationnels et cercle trigonom\u00e9trique : le th\u00e9or\u00e8me de Niven\n<ul class=\"wp-block-list\">\n<li><a href=\"https:\/\/fr.wikipedia.org\/wiki\/Th%C3%A9or%C3%A8me_de_Niven\">https:\/\/fr.wikipedia.org\/wiki\/Th%C3%A9or%C3%A8me_de_Niven<\/a><\/li>\n\n\n\n<li><a href=\"https:\/\/blogdemaths.wordpress.com\/2014\/06\/14\/le-theoreme-de-niven\/\">https:\/\/blogdemaths.wordpress.com\/2014\/06\/14\/le-theoreme-de-niven\/<\/a><\/li>\n<\/ul>\n<\/li>\n\n\n\n<li>F(x)=0, une \u00e9quation si nulle que \u00e7a ?\n<ul class=\"wp-block-list\">\n<li><a href=\"https:\/\/www.lyceedadultes.fr\/sitepedagogique\/documents\/math\/mathTermS\/04_continuite_derivabilite_fonction\/04_cours_algorithme_newton.pdf\">https:\/\/www.lyceedadultes.fr\/sitepedagogique\/documents\/math\/mathTermS\/04_continuite_derivabilite_fonction\/04_cours_algorithme_newton.pdf<\/a><\/li>\n\n\n\n<li><a href=\"https:\/\/fr.wikipedia.org\/wiki\/M%C3%A9thode_de_la_s%C3%A9cante\">https:\/\/fr.wikipedia.org\/wiki\/M%C3%A9thode_de_la_s%C3%A9cante<\/a><\/li>\n\n\n\n<li><a href=\"https:\/\/fr.wikipedia.org\/wiki\/M%C3%A9thode_de_Cardan\">https:\/\/fr.wikipedia.org\/wiki\/M%C3%A9thode_de_Cardan<\/a><\/li>\n<\/ul>\n<\/li>\n\n\n\n<li>Convexit\u00e9, calcul int\u00e9gral et trigonom\u00e9trie : les outils du d\u00e9m\u00e9nageur de sofa.\n<ul class=\"wp-block-list\">\n<li><a href=\"https:\/\/www.apmep.fr\/IMG\/pdf\/AAA12071.pdf\">https:\/\/www.apmep.fr\/IMG\/pdf\/AAA12071.pdf<\/a><\/li>\n<\/ul>\n<\/li>\n<\/ol>\n","protected":false},"excerpt":{"rendered":"","protected":false},"author":1,"featured_media":0,"parent":0,"menu_order":0,"comment_status":"closed","ping_status":"closed","template":"","meta":{"_mi_skip_tracking":false,"site-sidebar-layout":"default","site-content-layout":"default","ast-global-header-display":"","ast-main-header-display":"","ast-hfb-above-header-display":"","ast-hfb-below-header-display":"","ast-hfb-mobile-header-display":"","site-post-title":"disabled","ast-breadcrumbs-content":"","ast-featured-img":"","footer-sml-layout":"","theme-transparent-header-meta":"","adv-header-id-meta":"","stick-header-meta":"","header-above-stick-meta":"","header-main-stick-meta":"","header-below-stick-meta":"","footnotes":""},"class_list":["post-979","page","type-page","status-publish","hentry"],"aioseo_notices":[],"_links":{"self":[{"href":"https:\/\/mathsjbrel.fr\/index.php?rest_route=\/wp\/v2\/pages\/979","targetHints":{"allow":["GET"]}}],"collection":[{"href":"https:\/\/mathsjbrel.fr\/index.php?rest_route=\/wp\/v2\/pages"}],"about":[{"href":"https:\/\/mathsjbrel.fr\/index.php?rest_route=\/wp\/v2\/types\/page"}],"author":[{"embeddable":true,"href":"https:\/\/mathsjbrel.fr\/index.php?rest_route=\/wp\/v2\/users\/1"}],"replies":[{"embeddable":true,"href":"https:\/\/mathsjbrel.fr\/index.php?rest_route=%2Fwp%2Fv2%2Fcomments&post=979"}],"version-history":[{"count":13,"href":"https:\/\/mathsjbrel.fr\/index.php?rest_route=\/wp\/v2\/pages\/979\/revisions"}],"predecessor-version":[{"id":1099,"href":"https:\/\/mathsjbrel.fr\/index.php?rest_route=\/wp\/v2\/pages\/979\/revisions\/1099"}],"wp:attachment":[{"href":"https:\/\/mathsjbrel.fr\/index.php?rest_route=%2Fwp%2Fv2%2Fmedia&parent=979"}],"curies":[{"name":"wp","href":"https:\/\/api.w.org\/{rel}","templated":true}]}}